{"id":841,"date":"2019-10-01T13:45:35","date_gmt":"2019-10-01T18:45:35","guid":{"rendered":"https:\/\/skyroad-miami.com\/about-us\/"},"modified":"2025-09-19T10:11:22","modified_gmt":"2025-09-19T15:11:22","slug":"qui-sommes-nous","status":"publish","type":"page","link":"https:\/\/skyroad-miami.com\/fr\/qui-sommes-nous\/","title":{"rendered":"Qui sommes-nous"},"content":{"rendered":"\n<div class=\"wp-block-caxton-super-hero relative  vw-100-bg remove-bottom-margin\"><div class=\"absolute absolute--fill\"><div key=\"bg-image\" class=\"cover bg-center absolute absolute--fill\" style=\"background-image:url(https:\/\/skyroad-miami.com\/wp-content\/uploads\/2019\/10\/skyroad-international-trucks.jpg);\"><\/div><div key=\"bg-colors\" class=\"absolute absolute--fill\" style=\"background-color: #194177;background-image:linear-gradient( 45deg, #194177, #194177);opacity:.9;\"><\/div><\/div><div class=\"relative caxton-columns caxton-1-columns\" style=\"padding-top:5%;padding-left:5%;padding-bottom:5%;padding-right:5%\" data-mobile-css=\"padding-left:5em;padding-right:5em;\" data-tablet-css=\"padding-left:5em;padding-right:5em;\">\n<div class=\"wp-block-column is-layout-flow wp-block-column-is-layout-flow\">\n<div class=\"wp-block-uagb-advanced-heading uagb-block-5a055c2e\"><h2 class=\"uagb-heading-text\">\u00c0 propos de nous<\/h2><div class=\"uagb-separator\"><\/div><\/div>\n<\/div>\n<\/div><\/div>\n\n\n\n<div style=\"height:100px\" aria-hidden=\"true\" class=\"wp-block-spacer\"><\/div>\n\n\n\n<h2 class=\"wp-block-heading has-text-align-center\"><strong>Sp\u00e9cialiste du transport et du d\u00e9m\u00e9nagement&nbsp;<\/strong><\/h2>\n\n\n\n<h2 class=\"wp-block-heading has-text-align-left\">Notre m\u00e9tier<\/h2>\n\n\n<div class=\"wp-block-image\">\n<figure class=\"alignright size-large is-resized\"><img loading=\"lazy\" decoding=\"async\" width=\"1024\" height=\"750\" src=\"https:\/\/skyroad-miami.com\/wp-content\/uploads\/2023\/08\/skyroad-international-georges-kande-1024x750.jpg\" alt=\"\" class=\"wp-image-2058\" style=\"width:445px;height:327px\" srcset=\"https:\/\/skyroad-miami.com\/wp-content\/uploads\/2023\/08\/skyroad-international-georges-kande-1024x750.jpg 1024w, https:\/\/skyroad-miami.com\/wp-content\/uploads\/2023\/08\/skyroad-international-georges-kande-300x220.jpg 300w, https:\/\/skyroad-miami.com\/wp-content\/uploads\/2023\/08\/skyroad-international-georges-kande-768x563.jpg 768w, https:\/\/skyroad-miami.com\/wp-content\/uploads\/2023\/08\/skyroad-international-georges-kande-1536x1126.jpg 1536w, https:\/\/skyroad-miami.com\/wp-content\/uploads\/2023\/08\/skyroad-international-georges-kande.jpg 1920w\" sizes=\"auto, (max-width: 1024px) 100vw, 1024px\" \/><figcaption class=\"wp-element-caption\"><em>Georges Kand\u00e9, Directeur G\u00e9n\u00e9rale de Skyroad Miami<\/em><\/figcaption><\/figure>\n<\/div>\n\n\n<p><strong>Implant\u00e9 \u00e0\u00a0Miami,\u00a0Skyroad Miami\u00a0propose des services de\u00a0logistique li\u00e9s au <strong><a href=\"https:\/\/skyroad-miami.com\/fr\/transports\/\">transport<\/a><\/strong>,\u00a0\u00e0 la\u00a0<strong><a href=\"https:\/\/skyroad-miami.com\/fr\/livraisons-gants-blancs\/\">livraison<\/a><\/strong>,\u00a0au <strong><a href=\"https:\/\/skyroad-miami.com\/fr\/demenagements\/\">d\u00e9m\u00e9nagement<\/a><\/strong>,\u00a0au\u00a0<a href=\"https:\/\/skyroad-miami.com\/fr\/stockages\/\">stockage<\/a> de\u00a0marchandises, et\u00a0au garde-meubles\u00a0en Floride<\/strong>.<\/p>\n\n\n\n<p>Gr\u00e2ce \u00e0 nos installations, notre \u00e9quipement routier complet (fourgonnettes,&nbsp;v\u00e9hicules frigorifiques, camions, remorques), et&nbsp;les comp\u00e9tences de nos salari\u00e9s, <strong>nous pouvons r\u00e9pondre \u00e0 toutes vos demandes. <\/strong><br><br>Fret en vrac, conteneurs de marchandises, machines-outils, coffres-forts, meubles neufs, \u00e9lectrom\u00e9nager, \u0153uvres d\u2019art, bagages, produits p\u00e9rissables ou surgel\u00e9s\u2026 nous mettons un point d\u2019honneur \u00e0&nbsp;<strong>transporter tous types de marchandises&nbsp;<\/strong>quels que soient vos besoins.<\/p>\n\n\n\n<h2 class=\"wp-block-heading has-text-align-left\">Nos garanties<\/h2>\n\n\n\n<p>Skyroad Miami<strong>&nbsp;<\/strong>est \u00e9galement certifi\u00e9&nbsp;<strong><a href=\"https:\/\/skyroad-miami.com\/fr\/livraisons-gants-blancs\/\">Livraisons&nbsp;Gants Blancs<\/a><\/strong>,  et garantit&nbsp;un&nbsp;<strong>service&nbsp;haut de gamme&nbsp;<\/strong>pour l\u2019ensemble de ses&nbsp;prestations.<\/p>\n\n\n\n<p>Notre&nbsp;soci\u00e9t\u00e9 est&nbsp;agr\u00e9e&nbsp;par le \u00ab&nbsp;<strong>Department of Transportation&nbsp;<\/strong>\u00bb<strong>&nbsp;<\/strong>(DOT) et par le \u00ab&nbsp;<strong>Local Developing Business&nbsp;<\/strong>\u00bb (LDB).&nbsp;Ces certifications vous <strong>garantissent une prestation de services s\u00e9rieuse <\/strong>dans le&nbsp;<strong>respect des r\u00e8glementations am\u00e9ricaines.<\/strong><\/p>\n\n\n\n<p>Pour chaque demande,&nbsp;nous&nbsp;r\u00e9alisons un&nbsp;<strong>devis personnalis\u00e9 gratuit&nbsp;<\/strong>d\u00e9crivant clairement la prestation, les assurances, les formalit\u00e9s, les d\u00e9lais, les taxes et les tarifs conform\u00e9ment \u00e0 vos besoins.<\/p>\n\n\n\n<p>Faire appel \u00e0 une&nbsp;entreprise de <a href=\"https:\/\/skyroad-miami.com\/fr\/transports\/\">transports<\/a> et de <a href=\"https:\/\/skyroad-miami.com\/fr\/demenagements\/\">d\u00e9m\u00e9nagements<\/a> sp\u00e9cialis\u00e9e&nbsp;comme&nbsp;la n\u00f4tre,<strong> <\/strong>c\u2019est<strong> l\u2019assurance d\u2019avoir affaire \u00e0 un&nbsp;professionnel qui conna\u00eet son m\u00e9tier,&nbsp;<\/strong>qui sait vous conseiller la meilleure solution au meilleur co\u00fbt, et qui prend soin de vos marchandises de la prise en charge jusqu\u2019\u00e0 leur destination finale.&nbsp;<\/p>\n\n\n\n<h2 class=\"wp-block-heading has-text-align-left\">Notre ambition<\/h2>\n\n\n\n<p><strong>Faciliter la vie de nos clients<\/strong>,&nbsp;leur offrir une&nbsp;vraie tranquillit\u00e9 d\u2019esprit&nbsp;pendant la prestation, et leur laisser une&nbsp;impression positive durable !<br><br><\/p>\n\n\n\n<blockquote class=\"wp-block-quote is-layout-flow wp-block-quote-is-layout-flow\">\n<p class=\"has-white-color has-text-color has-background has-normal-font-size\" style=\"background-color:#194177\"><strong>Quelle que soit la prestation de services demand\u00e9e, nous garantissons\u00a0:<\/strong>\u00a0<br><br>&#8211; la s\u00e9curit\u00e9 des envois et le respect des d\u00e9lais,<br>&#8211; la fourniture des emballages adapt\u00e9s associ\u00e9e \u00e0 une logistique ad\u00e9quate,<br>&#8211; le respect de toutes les proc\u00e9dures\u00a0r\u00e9glementaires et administratives,<br>&#8211; la souscription aux assurances n\u00e9cessaires pour le service command\u00e9,<br>&#8211; un rapport qualit\u00e9\/prix tr\u00e8s comp\u00e9titif pour l\u2019ensemble de nos services,<br>&#8211;\u00a0une information en temps r\u00e9el, depuis la prise en charge de vos articles jusqu\u2019\u00e0 leur livraison ou leur stockage, en respectant les horaires annonc\u00e9s.\u00a0<\/p>\n<\/blockquote>\n\n\n\n<p><\/p>\n\n\n\n<p><br><strong>Pour en savoir plus sur nos services, nos rubriques<\/strong> :<br>\u00ab <a href=\"https:\/\/skyroad-miami.com\/fr\/transports\/\" target=\"_blank\" rel=\"noreferrer noopener\">Transports<\/a> \u00bb, \u00ab <a href=\"https:\/\/skyroad-miami.com\/fr\/demenagements\/\" target=\"_blank\" rel=\"noreferrer noopener\">D\u00e9m\u00e9nagement<\/a>s \u00bb, \u00ab <a href=\"https:\/\/skyroad-miami.com\/fr\/livraisons-gants-blancs\/\" target=\"_blank\" rel=\"noreferrer noopener\">Livraisons Gants Blancs<\/a> \u00bb, \u00ab <a href=\"https:\/\/skyroad-miami.com\/fr\/stockages\/\">Stockages<\/a> \u00bb<\/p>\n\n\n\n<div class=\"wp-block-uagb-separator uagb-block-35dfb527\"><div class=\"wp-block-uagb-separator__inner\" style=\"--my-background-image:\"><\/div><\/div>\n\n\n\n<p><strong>Skyroad Miami Inc<\/strong><br>13447 NW 19th Lane<br>Miami, FL 33182<br><i class=\"fas fa-phone\" style=\"padding-right:0.5em;\"><\/i><a href=\"tel:+13056862896\">+1 (305) 686 2896<\/a><br> <i class=\"fas fa-envelope\" style=\"padding-right:0.5em;\"><\/i><a href=\"mailto:administration@skyroad-miami.com\">administration@skyroad-miami.com<\/a><\/p>\n\n\n\n<div class=\"wp-block-caxton-super-hero relative hide\"><div class=\"absolute absolute--fill\"><div key=\"bg-image\" class=\"cover bg-center absolute absolute--fill\" style=\"\"><\/div><div key=\"bg-colors\" class=\"absolute absolute--fill\" style=\"background-color: ;background-image:linear-gradient( );opacity:.9;\"><\/div><\/div><div class=\"relative caxton-columns caxton-1-columns\" style=\"padding-top:5%;padding-left:5%;padding-bottom:5%;padding-right:5%\" data-mobile-css=\"padding-left:5em;padding-right:5em;\" data-tablet-css=\"padding-left:5em;padding-right:5em;\">\n<div class=\"wp-block-column is-layout-flow wp-block-column-is-layout-flow\"><\/div>\n<\/div><\/div>\n","protected":false},"excerpt":{"rendered":"<p>Sp\u00e9cialiste du transport et du d\u00e9m\u00e9nagement&nbsp; Notre m\u00e9tier Implant\u00e9 \u00e0\u00a0Miami,\u00a0Skyroad Miami\u00a0propose des services de\u00a0logistique li\u00e9s au transport,\u00a0\u00e0 la\u00a0livraison,\u00a0au d\u00e9m\u00e9nagement,\u00a0au\u00a0stockage de\u00a0marchandises, et\u00a0au garde-meubles\u00a0en Floride. Gr\u00e2ce \u00e0 nos installations, notre \u00e9quipement routier complet (fourgonnettes,&nbsp;v\u00e9hicules frigorifiques, camions, remorques), et&nbsp;les comp\u00e9tences de nos salari\u00e9s, nous pouvons r\u00e9pondre \u00e0 toutes vos demandes. Fret en vrac, conteneurs de marchandises, machines-outils, coffres-forts, [&hellip;]<\/p>\n","protected":false},"author":4,"featured_media":0,"parent":0,"menu_order":0,"comment_status":"closed","ping_status":"closed","template":"","meta":{"_uag_custom_page_level_css":"","footnotes":""},"class_list":["post-841","page","type-page","status-publish","hentry"],"yoast_head":"<!-- This site is optimized with the Yoast SEO plugin v27.0 - https:\/\/yoast.com\/product\/yoast-seo-wordpress\/ -->\n<title>Skyroad Miami - Sp\u00e9cialiste du transport &amp; d\u00e9m\u00e9nagement<\/title>\n<meta name=\"description\" content=\"Implant\u00e9 \u00e0\u00a0Miami,\u00a0Skyroad Miami\u00a0propose des services de\u00a0logistique li\u00e9s au transport,\u00a0\u00e0 la\u00a0livraison,\u00a0au d\u00e9m\u00e9nagement,\u00a0au\u00a0stockage de\u00a0marchandises, et\u00a0au garde-meubles\u00a0en Floride, dans l\u2019ensemble des \u00c9tats-Unis, au Canada et en Europe.\" \/>\n<meta name=\"robots\" content=\"index, follow, max-snippet:-1, max-image-preview:large, max-video-preview:-1\" \/>\n<link rel=\"canonical\" href=\"https:\/\/skyroad-miami.com\/fr\/qui-sommes-nous\/\" \/>\n<meta property=\"og:locale\" content=\"fr_FR\" \/>\n<meta property=\"og:type\" content=\"article\" \/>\n<meta property=\"og:title\" content=\"Skyroad Miami - Sp\u00e9cialiste du transport &amp; d\u00e9m\u00e9nagement\" \/>\n<meta property=\"og:description\" content=\"Implant\u00e9 \u00e0\u00a0Miami,\u00a0Skyroad Miami\u00a0propose des services de\u00a0logistique li\u00e9s au transport,\u00a0\u00e0 la\u00a0livraison,\u00a0au d\u00e9m\u00e9nagement,\u00a0au\u00a0stockage de\u00a0marchandises, et\u00a0au garde-meubles\u00a0en Floride, dans l\u2019ensemble des \u00c9tats-Unis, au Canada et en Europe.\" \/>\n<meta property=\"og:url\" content=\"https:\/\/skyroad-miami.com\/fr\/qui-sommes-nous\/\" \/>\n<meta property=\"og:site_name\" content=\"Skyroad Miami\" \/>\n<meta property=\"article:modified_time\" content=\"2025-09-19T15:11:22+00:00\" \/>\n<meta property=\"og:image\" content=\"https:\/\/skyroad-miami.com\/wp-content\/uploads\/2023\/08\/skyroad-international-georges-kande.jpg\" \/>\n\t<meta property=\"og:image:width\" content=\"1920\" \/>\n\t<meta property=\"og:image:height\" content=\"1407\" \/>\n\t<meta property=\"og:image:type\" content=\"image\/jpeg\" \/>\n<meta name=\"twitter:card\" content=\"summary_large_image\" \/>\n<meta name=\"twitter:label1\" content=\"Dur\u00e9e de lecture estim\u00e9e\" \/>\n\t<meta name=\"twitter:data1\" content=\"2 minutes\" \/>\n<script type=\"application\/ld+json\" class=\"yoast-schema-graph\">{\"@context\":\"https:\/\/schema.org\",\"@graph\":[{\"@type\":\"WebPage\",\"@id\":\"https:\/\/skyroad-miami.com\/fr\/qui-sommes-nous\/\",\"url\":\"https:\/\/skyroad-miami.com\/fr\/qui-sommes-nous\/\",\"name\":\"Skyroad Miami - Sp\u00e9cialiste du transport & d\u00e9m\u00e9nagement\",\"isPartOf\":{\"@id\":\"https:\/\/skyroad-miami.com\/fr\/#website\"},\"primaryImageOfPage\":{\"@id\":\"https:\/\/skyroad-miami.com\/fr\/qui-sommes-nous\/#primaryimage\"},\"image\":{\"@id\":\"https:\/\/skyroad-miami.com\/fr\/qui-sommes-nous\/#primaryimage\"},\"thumbnailUrl\":\"https:\/\/skyroad-miami.com\/wp-content\/uploads\/2023\/08\/skyroad-international-georges-kande-1024x750.jpg\",\"datePublished\":\"2019-10-01T18:45:35+00:00\",\"dateModified\":\"2025-09-19T15:11:22+00:00\",\"description\":\"Implant\u00e9 \u00e0\u00a0Miami,\u00a0Skyroad Miami\u00a0propose des services de\u00a0logistique li\u00e9s au transport,\u00a0\u00e0 la\u00a0livraison,\u00a0au d\u00e9m\u00e9nagement,\u00a0au\u00a0stockage de\u00a0marchandises, et\u00a0au garde-meubles\u00a0en Floride, dans l\u2019ensemble des \u00c9tats-Unis, au Canada et en Europe.\",\"breadcrumb\":{\"@id\":\"https:\/\/skyroad-miami.com\/fr\/qui-sommes-nous\/#breadcrumb\"},\"inLanguage\":\"fr-FR\",\"potentialAction\":[{\"@type\":\"ReadAction\",\"target\":[\"https:\/\/skyroad-miami.com\/fr\/qui-sommes-nous\/\"]}]},{\"@type\":\"ImageObject\",\"inLanguage\":\"fr-FR\",\"@id\":\"https:\/\/skyroad-miami.com\/fr\/qui-sommes-nous\/#primaryimage\",\"url\":\"https:\/\/skyroad-miami.com\/wp-content\/uploads\/2023\/08\/skyroad-international-georges-kande-1024x750.jpg\",\"contentUrl\":\"https:\/\/skyroad-miami.com\/wp-content\/uploads\/2023\/08\/skyroad-international-georges-kande-1024x750.jpg\"},{\"@type\":\"BreadcrumbList\",\"@id\":\"https:\/\/skyroad-miami.com\/fr\/qui-sommes-nous\/#breadcrumb\",\"itemListElement\":[{\"@type\":\"ListItem\",\"position\":1,\"name\":\"Skyroad International\",\"item\":\"https:\/\/skyroad-miami.com\/fr\/\"},{\"@type\":\"ListItem\",\"position\":2,\"name\":\"Qui sommes-nous\"}]},{\"@type\":\"WebSite\",\"@id\":\"https:\/\/skyroad-miami.com\/fr\/#website\",\"url\":\"https:\/\/skyroad-miami.com\/fr\/\",\"name\":\"Skyroad Miami\",\"description\":\"\",\"publisher\":{\"@id\":\"https:\/\/skyroad-miami.com\/fr\/#organization\"},\"potentialAction\":[{\"@type\":\"SearchAction\",\"target\":{\"@type\":\"EntryPoint\",\"urlTemplate\":\"https:\/\/skyroad-miami.com\/fr\/?s={search_term_string}\"},\"query-input\":{\"@type\":\"PropertyValueSpecification\",\"valueRequired\":true,\"valueName\":\"search_term_string\"}}],\"inLanguage\":\"fr-FR\"},{\"@type\":\"Organization\",\"@id\":\"https:\/\/skyroad-miami.com\/fr\/#organization\",\"name\":\"Skyroad International Inc.\",\"url\":\"https:\/\/skyroad-miami.com\/fr\/\",\"logo\":{\"@type\":\"ImageObject\",\"inLanguage\":\"fr-FR\",\"@id\":\"https:\/\/skyroad-miami.com\/fr\/#\/schema\/logo\/image\/\",\"url\":\"https:\/\/skyroad-miami.com\/wp-content\/uploads\/2019\/09\/skyroad-international-logo-blue.png\",\"contentUrl\":\"https:\/\/skyroad-miami.com\/wp-content\/uploads\/2019\/09\/skyroad-international-logo-blue.png\",\"width\":681,\"height\":360,\"caption\":\"Skyroad International Inc.\"},\"image\":{\"@id\":\"https:\/\/skyroad-miami.com\/fr\/#\/schema\/logo\/image\/\"}}]}<\/script>\n<!-- \/ Yoast SEO plugin. -->","yoast_head_json":{"title":"Skyroad Miami - Sp\u00e9cialiste du transport & d\u00e9m\u00e9nagement","description":"Implant\u00e9 \u00e0\u00a0Miami,\u00a0Skyroad Miami\u00a0propose des services de\u00a0logistique li\u00e9s au transport,\u00a0\u00e0 la\u00a0livraison,\u00a0au d\u00e9m\u00e9nagement,\u00a0au\u00a0stockage de\u00a0marchandises, et\u00a0au garde-meubles\u00a0en Floride, dans l\u2019ensemble des \u00c9tats-Unis, au Canada et en Europe.","robots":{"index":"index","follow":"follow","max-snippet":"max-snippet:-1","max-image-preview":"max-image-preview:large","max-video-preview":"max-video-preview:-1"},"canonical":"https:\/\/skyroad-miami.com\/fr\/qui-sommes-nous\/","og_locale":"fr_FR","og_type":"article","og_title":"Skyroad Miami - Sp\u00e9cialiste du transport & d\u00e9m\u00e9nagement","og_description":"Implant\u00e9 \u00e0\u00a0Miami,\u00a0Skyroad Miami\u00a0propose des services de\u00a0logistique li\u00e9s au transport,\u00a0\u00e0 la\u00a0livraison,\u00a0au d\u00e9m\u00e9nagement,\u00a0au\u00a0stockage de\u00a0marchandises, et\u00a0au garde-meubles\u00a0en Floride, dans l\u2019ensemble des \u00c9tats-Unis, au Canada et en Europe.","og_url":"https:\/\/skyroad-miami.com\/fr\/qui-sommes-nous\/","og_site_name":"Skyroad Miami","article_modified_time":"2025-09-19T15:11:22+00:00","og_image":[{"width":1920,"height":1407,"url":"https:\/\/skyroad-miami.com\/wp-content\/uploads\/2023\/08\/skyroad-international-georges-kande.jpg","type":"image\/jpeg"}],"twitter_card":"summary_large_image","twitter_misc":{"Dur\u00e9e de lecture estim\u00e9e":"2 minutes"},"schema":{"@context":"https:\/\/schema.org","@graph":[{"@type":"WebPage","@id":"https:\/\/skyroad-miami.com\/fr\/qui-sommes-nous\/","url":"https:\/\/skyroad-miami.com\/fr\/qui-sommes-nous\/","name":"Skyroad Miami - Sp\u00e9cialiste du transport & d\u00e9m\u00e9nagement","isPartOf":{"@id":"https:\/\/skyroad-miami.com\/fr\/#website"},"primaryImageOfPage":{"@id":"https:\/\/skyroad-miami.com\/fr\/qui-sommes-nous\/#primaryimage"},"image":{"@id":"https:\/\/skyroad-miami.com\/fr\/qui-sommes-nous\/#primaryimage"},"thumbnailUrl":"https:\/\/skyroad-miami.com\/wp-content\/uploads\/2023\/08\/skyroad-international-georges-kande-1024x750.jpg","datePublished":"2019-10-01T18:45:35+00:00","dateModified":"2025-09-19T15:11:22+00:00","description":"Implant\u00e9 \u00e0\u00a0Miami,\u00a0Skyroad Miami\u00a0propose des services de\u00a0logistique li\u00e9s au transport,\u00a0\u00e0 la\u00a0livraison,\u00a0au d\u00e9m\u00e9nagement,\u00a0au\u00a0stockage de\u00a0marchandises, et\u00a0au garde-meubles\u00a0en Floride, dans l\u2019ensemble des \u00c9tats-Unis, au Canada et en Europe.","breadcrumb":{"@id":"https:\/\/skyroad-miami.com\/fr\/qui-sommes-nous\/#breadcrumb"},"inLanguage":"fr-FR","potentialAction":[{"@type":"ReadAction","target":["https:\/\/skyroad-miami.com\/fr\/qui-sommes-nous\/"]}]},{"@type":"ImageObject","inLanguage":"fr-FR","@id":"https:\/\/skyroad-miami.com\/fr\/qui-sommes-nous\/#primaryimage","url":"https:\/\/skyroad-miami.com\/wp-content\/uploads\/2023\/08\/skyroad-international-georges-kande-1024x750.jpg","contentUrl":"https:\/\/skyroad-miami.com\/wp-content\/uploads\/2023\/08\/skyroad-international-georges-kande-1024x750.jpg"},{"@type":"BreadcrumbList","@id":"https:\/\/skyroad-miami.com\/fr\/qui-sommes-nous\/#breadcrumb","itemListElement":[{"@type":"ListItem","position":1,"name":"Skyroad International","item":"https:\/\/skyroad-miami.com\/fr\/"},{"@type":"ListItem","position":2,"name":"Qui sommes-nous"}]},{"@type":"WebSite","@id":"https:\/\/skyroad-miami.com\/fr\/#website","url":"https:\/\/skyroad-miami.com\/fr\/","name":"Skyroad Miami","description":"","publisher":{"@id":"https:\/\/skyroad-miami.com\/fr\/#organization"},"potentialAction":[{"@type":"SearchAction","target":{"@type":"EntryPoint","urlTemplate":"https:\/\/skyroad-miami.com\/fr\/?s={search_term_string}"},"query-input":{"@type":"PropertyValueSpecification","valueRequired":true,"valueName":"search_term_string"}}],"inLanguage":"fr-FR"},{"@type":"Organization","@id":"https:\/\/skyroad-miami.com\/fr\/#organization","name":"Skyroad International Inc.","url":"https:\/\/skyroad-miami.com\/fr\/","logo":{"@type":"ImageObject","inLanguage":"fr-FR","@id":"https:\/\/skyroad-miami.com\/fr\/#\/schema\/logo\/image\/","url":"https:\/\/skyroad-miami.com\/wp-content\/uploads\/2019\/09\/skyroad-international-logo-blue.png","contentUrl":"https:\/\/skyroad-miami.com\/wp-content\/uploads\/2019\/09\/skyroad-international-logo-blue.png","width":681,"height":360,"caption":"Skyroad International Inc."},"image":{"@id":"https:\/\/skyroad-miami.com\/fr\/#\/schema\/logo\/image\/"}}]}},"uagb_featured_image_src":{"full":false,"thumbnail":false,"medium":false,"medium_large":false,"large":false,"1536x1536":false,"2048x2048":false,"gform-image-choice-sm":false,"gform-image-choice-md":false,"gform-image-choice-lg":false},"uagb_author_info":{"display_name":"Laurence Rousselot","author_link":"https:\/\/skyroad-miami.com\/fr\/author\/laurence-rousselotgmail-com\/"},"uagb_comment_info":0,"uagb_excerpt":"Sp\u00e9cialiste du transport et du d\u00e9m\u00e9nagement&nbsp; Notre m\u00e9tier Implant\u00e9 \u00e0\u00a0Miami,\u00a0Skyroad Miami\u00a0propose des services de\u00a0logistique li\u00e9s au transport,\u00a0\u00e0 la\u00a0livraison,\u00a0au d\u00e9m\u00e9nagement,\u00a0au\u00a0stockage de\u00a0marchandises, et\u00a0au garde-meubles\u00a0en Floride. Gr\u00e2ce \u00e0 nos installations, notre \u00e9quipement routier complet (fourgonnettes,&nbsp;v\u00e9hicules frigorifiques, camions, remorques), et&nbsp;les comp\u00e9tences de nos salari\u00e9s, nous pouvons r\u00e9pondre \u00e0 toutes vos demandes. Fret en vrac, conteneurs de marchandises, machines-outils, coffres-forts,\u2026","_links":{"self":[{"href":"https:\/\/skyroad-miami.com\/fr\/wp-json\/wp\/v2\/pages\/841","targetHints":{"allow":["GET"]}}],"collection":[{"href":"https:\/\/skyroad-miami.com\/fr\/wp-json\/wp\/v2\/pages"}],"about":[{"href":"https:\/\/skyroad-miami.com\/fr\/wp-json\/wp\/v2\/types\/page"}],"author":[{"embeddable":true,"href":"https:\/\/skyroad-miami.com\/fr\/wp-json\/wp\/v2\/users\/4"}],"replies":[{"embeddable":true,"href":"https:\/\/skyroad-miami.com\/fr\/wp-json\/wp\/v2\/comments?post=841"}],"version-history":[{"count":83,"href":"https:\/\/skyroad-miami.com\/fr\/wp-json\/wp\/v2\/pages\/841\/revisions"}],"predecessor-version":[{"id":2267,"href":"https:\/\/skyroad-miami.com\/fr\/wp-json\/wp\/v2\/pages\/841\/revisions\/2267"}],"wp:attachment":[{"href":"https:\/\/skyroad-miami.com\/fr\/wp-json\/wp\/v2\/media?parent=841"}],"curies":[{"name":"wp","href":"https:\/\/api.w.org\/{rel}","templated":true}]}}