{"id":1303,"date":"2023-08-09T10:05:28","date_gmt":"2023-08-09T15:05:28","guid":{"rendered":"https:\/\/skyroad-miami.com\/?page_id=1303"},"modified":"2025-09-19T10:13:35","modified_gmt":"2025-09-19T15:13:35","slug":"stockages","status":"publish","type":"page","link":"https:\/\/skyroad-miami.com\/fr\/stockages\/","title":{"rendered":"Stockages"},"content":{"rendered":"\n<div class=\"wp-block-caxton-super-hero relative  vw-100-bg remove-bottom-margin\"><div class=\"absolute absolute--fill\"><div key=\"bg-image\" class=\"cover bg-center absolute absolute--fill\" style=\"\"><\/div><div key=\"bg-colors\" class=\"absolute absolute--fill\" style=\"background-color: #194177;background-image:linear-gradient( 45deg, #194177, #194177);opacity:1;\"><\/div><\/div><div class=\"relative caxton-columns caxton-1-columns\" style=\"padding-top:5%;padding-left:5%;padding-bottom:5%;padding-right:5%\" data-mobile-css=\"padding-left:5em;padding-right:5em;\" data-tablet-css=\"padding-left:5em;padding-right:5em;\">\n<div class=\"wp-block-column is-layout-flow wp-block-column-is-layout-flow\">\n<div class=\"wp-block-uagb-advanced-heading uagb-block-bd2d9bf7\"><h2 class=\"uagb-heading-text\">Stockages<\/h2><div class=\"uagb-separator\"><\/div><\/div>\n<\/div>\n<\/div><\/div>\n\n\n\n<div class=\"wp-block-cover alignwide is-light\"><img loading=\"lazy\" decoding=\"async\" width=\"1920\" height=\"667\" class=\"wp-block-cover__image-background wp-image-1951\" alt=\"\" src=\"https:\/\/skyroad-miami.com\/wp-content\/uploads\/2023\/08\/stockage-warehouse-storage-merchandise-miami-skyroad-2.jpg\" data-object-fit=\"cover\" srcset=\"https:\/\/skyroad-miami.com\/wp-content\/uploads\/2023\/08\/stockage-warehouse-storage-merchandise-miami-skyroad-2.jpg 1920w, https:\/\/skyroad-miami.com\/wp-content\/uploads\/2023\/08\/stockage-warehouse-storage-merchandise-miami-skyroad-2-300x104.jpg 300w, https:\/\/skyroad-miami.com\/wp-content\/uploads\/2023\/08\/stockage-warehouse-storage-merchandise-miami-skyroad-2-1024x356.jpg 1024w, https:\/\/skyroad-miami.com\/wp-content\/uploads\/2023\/08\/stockage-warehouse-storage-merchandise-miami-skyroad-2-768x267.jpg 768w, https:\/\/skyroad-miami.com\/wp-content\/uploads\/2023\/08\/stockage-warehouse-storage-merchandise-miami-skyroad-2-1536x534.jpg 1536w\" sizes=\"auto, (max-width: 1920px) 100vw, 1920px\" \/><span aria-hidden=\"true\" class=\"wp-block-cover__background has-background-dim-0 has-background-dim\"><\/span><div class=\"wp-block-cover__inner-container is-layout-flow wp-block-cover-is-layout-flow\">\n<p class=\"has-text-align-center has-large-font-size\"><\/p>\n<\/div><\/div>\n\n\n\n<h2 class=\"wp-block-heading has-background\" style=\"background-color:#f2f2f2\">Stockages de marchandises et garde-meubles<\/h2>\n\n\n\n<h4 class=\"wp-block-heading p-3 has-text-color has-normal-font-size\" style=\"color:#333333;font-style:normal;font-weight:600\">Dans le cadre d\u2019un\u00a0<a href=\"https:\/\/skyroad-miami.com\/fr\/transports\/\" target=\"_blank\" rel=\"noreferrer noopener\"><strong>transport<\/strong><\/a>, d\u2019une\u00a0<a href=\"https:\/\/skyroad-miami.com\/fr\/livraisons-gants-blancs\/\" target=\"_blank\" rel=\"noreferrer noopener\"><strong>livraison<\/strong><\/a>, d\u2019un\u00a0<a href=\"https:\/\/skyroad-miami.com\/fr\/demenagements\/\" target=\"_blank\" rel=\"noreferrer noopener\"><strong>d\u00e9m\u00e9nagement<\/strong><\/a>, vous pouvez avoir besoin d\u2019un entreposage\u00a0temporaire ou \u00e0 plus long terme de marchandises, de meubles, d\u2019objets lourds ou volumineux.\u00a0<br><br>Skyroad\u00a0International\u00a0dispose d&rsquo;entrep\u00f4ts industriels\u00a0en Floride d\u2019une capacit\u00e9 de plusieurs milliers de m<sup>3<\/sup>,\u00a0s\u00e9curis\u00e9s par vid\u00e9o surveillance,\u00a0avec une temp\u00e9rature contr\u00f4l\u00e9e.\u00a0Tous\u00a0nos sites\u00a0nous\u00a0permettent d\u2019offrir aux particuliers et aux entreprises des prestations de\u00a0stockage de marchandises\u00a0et de\u00a0garde-meubles\u00a0adapt\u00e9s \u00e0 leurs besoins.\u00a0<\/h4>\n\n\n\n<hr class=\"wp-block-separator has-text-color has-alpha-channel-opacity has-background is-style-wide\" style=\"background-color:#4472c4;color:#4472c4\"\/>\n\n\n\n<h2 class=\"wp-block-heading\"><strong><strong><strong>Stockages de marchandises<\/strong><\/strong><\/strong><\/h2>\n\n\n\n<div class=\"wp-block-columns is-layout-flex wp-container-core-columns-is-layout-28f84493 wp-block-columns-is-layout-flex\">\n<div class=\"wp-block-column is-layout-flow wp-block-column-is-layout-flow\" style=\"flex-basis:100%\"><div class=\"wp-block-image\">\n<figure class=\"alignleft size-large is-resized\"><img loading=\"lazy\" decoding=\"async\" width=\"903\" height=\"1024\" src=\"https:\/\/skyroad-miami.com\/wp-content\/uploads\/2023\/08\/stockage-warehouse-storage-merchandise-miami-skyroad-903x1024.jpg\" alt=\"stockage-warehouse-storage-merchandise-miami-skyroad\" class=\"wp-image-1948\" style=\"object-fit:cover;width:364px;height:400px\" srcset=\"https:\/\/skyroad-miami.com\/wp-content\/uploads\/2023\/08\/stockage-warehouse-storage-merchandise-miami-skyroad-903x1024.jpg 903w, https:\/\/skyroad-miami.com\/wp-content\/uploads\/2023\/08\/stockage-warehouse-storage-merchandise-miami-skyroad-265x300.jpg 265w, https:\/\/skyroad-miami.com\/wp-content\/uploads\/2023\/08\/stockage-warehouse-storage-merchandise-miami-skyroad-768x871.jpg 768w, https:\/\/skyroad-miami.com\/wp-content\/uploads\/2023\/08\/stockage-warehouse-storage-merchandise-miami-skyroad.jpg 1200w\" sizes=\"auto, (max-width: 903px) 100vw, 903px\" \/><\/figure>\n<\/div>\n\n\n<p><br>Si vous avez&nbsp;<strong>besoin d\u2019un espace&nbsp;<\/strong>pour entreposer des&nbsp;<strong>stocks de marchandises<\/strong>&nbsp;ou tout autre mat\u00e9riel \u00e0 destination de vos clients ou de vos fournisseurs, nous pouvons vous proposer&nbsp;<strong>un espace d\u00e9di\u00e9 dans nos entrep\u00f4ts<\/strong>.&nbsp;<br><br>Vous n&rsquo;\u00eates donc pas confront\u00e9s aux restrictions d&rsquo;espaces&nbsp;d\u2019unit\u00e9s de \u00ab&nbsp;self-stockage&nbsp;\u00bb individuelles, et vous pouvez \u00e0 tout moment modifier votre espace d\u00e9di\u00e9. Nos contrats de location peuvent \u00eatre&nbsp;\u00e0 court ou long terme selon vos besoins.<strong>&nbsp;<\/strong><\/p>\n\n\n\n<p>En&nbsp;tant que transporteur sp\u00e9cialis\u00e9, nous pouvons aussi assurer la&nbsp;<strong>distribution de vos produits<\/strong>. Vos <strong><a href=\"https:\/\/skyroad-miami.com\/fr\/livraisons-gants-blancs\/\">livraisons <\/a>sont ainsi g\u00e9r\u00e9es de mani\u00e8re flexible, efficace et rentable.&nbsp;<\/strong><br><br><strong>Pour&nbsp;en savoir plus, notre rubrique  <\/strong>\u00ab<strong><a href=\"https:\/\/skyroad-miami.com\/fr\/?page_id=1214\" target=\"_blank\" rel=\"noreferrer noopener\">&nbsp;<\/a><\/strong><a href=\"https:\/\/skyroad-miami.com\/fr\/transports\/\" target=\"_blank\" rel=\"noreferrer noopener\"><strong>Transports&nbsp;<\/strong><\/a><strong>\u00bb<\/strong>.<\/p>\n<\/div>\n<\/div>\n\n\n\n<p><\/p>\n\n\n\n<h2 class=\"wp-block-heading\"><strong><strong><strong>Garde-meubles<\/strong><\/strong><\/strong><\/h2>\n\n\n\n<p class=\"has-normal-font-size\">Si vous avez besoin d\u2019une <strong>solution de stockage <\/strong>lors du\u00a0d\u00e9m\u00e9nagement\u00a0de\u00a0votre maison,\u00a0de votre condominium, des\u00a0bureaux de votre entreprise, pour un simple\u00a0changement\u00a0de\u00a0domicile \u00e0 Miami ou d\u2019une\u00a0relocalisation\u00a0en Floride, nous vous proposons des <strong>prestations adapt\u00e9es au volume \u00e0 entreposer, \u00e0 la dur\u00e9e de stockage et \u00e0 votre budget.\u00a0<\/strong><\/p>\n\n\n\n<p class=\"has-normal-font-size\"><strong>Pour en savoir plus, nos rubriques <\/strong>\u00ab&nbsp;<strong><a href=\"https:\/\/skyroad-miami.com\/fr\/demenagements\/\" target=\"_blank\" rel=\"noreferrer noopener\">D\u00e9m\u00e9nagements<\/a>&nbsp;<\/strong>\u00bb et \u00ab&nbsp;<strong><a href=\"https:\/\/skyroad-miami.com\/fr\/transports\/\" target=\"_blank\" rel=\"noreferrer noopener\">Transports<\/a> \u00bb<\/strong><\/p>\n\n\n\n<h2 class=\"wp-block-heading\"><strong><strong><strong>Garantie&nbsp;\u00ab&nbsp;White Glove Delivery&nbsp;\u00bb<\/strong><\/strong><\/strong><\/h2>\n\n\n\n<p>Skyroad Miami&nbsp;est <strong>certifi\u00e9&nbsp;<a href=\"https:\/\/skyroad-miami.com\/fr\/livraisons-gants-blancs\/\" target=\"_blank\" rel=\"noreferrer noopener\">Livraisons&nbsp;Gants&nbsp;Blancs<\/a>. <\/strong>Cette charte est un <strong>gage d\u2019excellence en mati\u00e8re d\u2019exp\u00e9ditions, de livraisons, d\u2019installations ou de stockages<\/strong> de vos biens ou marchandises.&nbsp;<br><br><strong>Pour en savoir plus, notre rubrique&nbsp;<\/strong>\u00ab <a href=\"https:\/\/skyroad-miami.com\/fr\/livraisons-gants-blancs\/\" target=\"_blank\" rel=\"noreferrer noopener\"><strong>Livraisons&nbsp;Gants&nbsp;Blancs<\/strong><\/a>&nbsp;\u00bb<\/p>\n\n\n\n<div style=\"height:50px\" aria-hidden=\"true\" class=\"wp-block-spacer\"><\/div>\n\n\n\n<div class=\"wp-block-group\"><div class=\"wp-block-group__inner-container is-layout-constrained wp-block-group-is-layout-constrained\">\n<h3 class=\"wp-block-heading has-text-align-center has-medium-font-size\"><a href=\"https:\/\/skyroad-miami.com\/fr\/contact\/\">Contactez-nous<\/a> pour nous exposer vos besoins, nous pouvons concevoir ensemble<br>des solutions sur mesure&nbsp;!<\/h3>\n\n\n\n<div style=\"height:50px\" aria-hidden=\"true\" class=\"wp-block-spacer\"><\/div>\n\n\n\n<h2 class=\"wp-block-heading pb-2 has-text-color has-medium-font-size\" style=\"color:#d6b361\"><strong><strong><strong><strong><strong><strong><strong><strong><strong><strong>B\u00e9n\u00e9fices Livraisons&nbsp;Gants&nbsp;Blancs<\/strong><\/strong><\/strong><\/strong><\/strong><\/strong><\/strong><\/strong><\/strong><\/strong><\/h2>\n\n\n\n<div class=\"wp-block-columns is-layout-flex wp-container-core-columns-is-layout-28f84493 wp-block-columns-is-layout-flex\">\n<div class=\"wp-block-column is-layout-flow wp-block-column-is-layout-flow\">\n<div class=\"wp-block-uagb-icon-list uagb-block-9003fecf\"><div class=\"uagb-icon-list__wrap\">\n<div class=\"wp-block-uagb-icon-list-child uagb-block-fc774e20\"><span class=\"uagb-icon-list__source-wrap\"><svg xmlns=\"https:\/\/www.w3.org\/2000\/svg\" viewBox=\"0 0 512 512\"><path d=\"M256 0C114.6 0 0 114.6 0 256c0 141.4 114.6 256 256 256s256-114.6 256-256C512 114.6 397.4 0 256 0zM406.6 278.6l-103.1 103.1c-12.5 12.5-32.75 12.5-45.25 0s-12.5-32.75 0-45.25L306.8 288H128C110.3 288 96 273.7 96 256s14.31-32 32-32h178.8l-49.38-49.38c-12.5-12.5-12.5-32.75 0-45.25s32.75-12.5 45.25 0l103.1 103.1C414.6 241.3 416 251.1 416 256C416 260.9 414.6 270.7 406.6 278.6z\"><\/path><\/svg><\/span><span class=\"uagb-icon-list__label\">Excellence du service client\u00e8le<\/span><\/div>\n\n\n\n<div class=\"wp-block-uagb-icon-list-child uagb-block-5612ed84\"><span class=\"uagb-icon-list__source-wrap\"><svg xmlns=\"https:\/\/www.w3.org\/2000\/svg\" viewBox=\"0 0 512 512\"><path d=\"M256 0C114.6 0 0 114.6 0 256c0 141.4 114.6 256 256 256s256-114.6 256-256C512 114.6 397.4 0 256 0zM406.6 278.6l-103.1 103.1c-12.5 12.5-32.75 12.5-45.25 0s-12.5-32.75 0-45.25L306.8 288H128C110.3 288 96 273.7 96 256s14.31-32 32-32h178.8l-49.38-49.38c-12.5-12.5-12.5-32.75 0-45.25s32.75-12.5 45.25 0l103.1 103.1C414.6 241.3 416 251.1 416 256C416 260.9 414.6 270.7 406.6 278.6z\"><\/path><\/svg><\/span><span class=\"uagb-icon-list__label\">Ma\u00eetrise de la cha\u00eene logistique<\/span><\/div>\n\n\n\n<div class=\"wp-block-uagb-icon-list-child uagb-block-d4c58225\"><span class=\"uagb-icon-list__source-wrap\"><svg xmlns=\"https:\/\/www.w3.org\/2000\/svg\" viewBox=\"0 0 512 512\"><path d=\"M256 0C114.6 0 0 114.6 0 256c0 141.4 114.6 256 256 256s256-114.6 256-256C512 114.6 397.4 0 256 0zM406.6 278.6l-103.1 103.1c-12.5 12.5-32.75 12.5-45.25 0s-12.5-32.75 0-45.25L306.8 288H128C110.3 288 96 273.7 96 256s14.31-32 32-32h178.8l-49.38-49.38c-12.5-12.5-12.5-32.75 0-45.25s32.75-12.5 45.25 0l103.1 103.1C414.6 241.3 416 251.1 416 256C416 260.9 414.6 270.7 406.6 278.6z\"><\/path><\/svg><\/span><span class=\"uagb-icon-list__label\">Haute protection\u00a0des biens transport\u00e9s<\/span><\/div>\n\n\n\n<div class=\"wp-block-uagb-icon-list-child uagb-block-a4d247a2\"><span class=\"uagb-icon-list__source-wrap\"><svg xmlns=\"https:\/\/www.w3.org\/2000\/svg\" viewBox=\"0 0 512 512\"><path d=\"M256 0C114.6 0 0 114.6 0 256c0 141.4 114.6 256 256 256s256-114.6 256-256C512 114.6 397.4 0 256 0zM406.6 278.6l-103.1 103.1c-12.5 12.5-32.75 12.5-45.25 0s-12.5-32.75 0-45.25L306.8 288H128C110.3 288 96 273.7 96 256s14.31-32 32-32h178.8l-49.38-49.38c-12.5-12.5-12.5-32.75 0-45.25s32.75-12.5 45.25 0l103.1 103.1C414.6 241.3 416 251.1 416 256C416 260.9 414.6 270.7 406.6 278.6z\"><\/path><\/svg><\/span><span class=\"uagb-icon-list__label\">Diminution des risques de dommages\u00a0<\/span><\/div>\n<\/div><\/div>\n<\/div>\n\n\n\n<div class=\"wp-block-column is-layout-flow wp-block-column-is-layout-flow\">\n<div class=\"wp-block-uagb-icon-list uagb-block-51b156c6\"><div class=\"uagb-icon-list__wrap\">\n<div class=\"wp-block-uagb-icon-list-child uagb-block-193d51f8\"><span class=\"uagb-icon-list__source-wrap\"><svg xmlns=\"https:\/\/www.w3.org\/2000\/svg\" viewBox=\"0 0 512 512\"><path d=\"M256 0C114.6 0 0 114.6 0 256c0 141.4 114.6 256 256 256s256-114.6 256-256C512 114.6 397.4 0 256 0zM406.6 278.6l-103.1 103.1c-12.5 12.5-32.75 12.5-45.25 0s-12.5-32.75 0-45.25L306.8 288H128C110.3 288 96 273.7 96 256s14.31-32 32-32h178.8l-49.38-49.38c-12.5-12.5-12.5-32.75 0-45.25s32.75-12.5 45.25 0l103.1 103.1C414.6 241.3 416 251.1 416 256C416 260.9 414.6 270.7 406.6 278.6z\"><\/path><\/svg><\/span><span class=\"uagb-icon-list__label\">Tranquillit\u00e9 d&rsquo;esprit<\/span><\/div>\n\n\n\n<div class=\"wp-block-uagb-icon-list-child uagb-block-c2836fa0\"><span class=\"uagb-icon-list__source-wrap\"><svg xmlns=\"https:\/\/www.w3.org\/2000\/svg\" viewBox=\"0 0 512 512\"><path d=\"M256 0C114.6 0 0 114.6 0 256c0 141.4 114.6 256 256 256s256-114.6 256-256C512 114.6 397.4 0 256 0zM406.6 278.6l-103.1 103.1c-12.5 12.5-32.75 12.5-45.25 0s-12.5-32.75 0-45.25L306.8 288H128C110.3 288 96 273.7 96 256s14.31-32 32-32h178.8l-49.38-49.38c-12.5-12.5-12.5-32.75 0-45.25s32.75-12.5 45.25 0l103.1 103.1C414.6 241.3 416 251.1 416 256C416 260.9 414.6 270.7 406.6 278.6z\"><\/path><\/svg><\/span><span class=\"uagb-icon-list__label\">Fiabilit\u00e9 des d\u00e9lais<\/span><\/div>\n\n\n\n<div class=\"wp-block-uagb-icon-list-child uagb-block-b35c5200\"><span class=\"uagb-icon-list__source-wrap\"><svg xmlns=\"https:\/\/www.w3.org\/2000\/svg\" viewBox=\"0 0 512 512\"><path d=\"M256 0C114.6 0 0 114.6 0 256c0 141.4 114.6 256 256 256s256-114.6 256-256C512 114.6 397.4 0 256 0zM406.6 278.6l-103.1 103.1c-12.5 12.5-32.75 12.5-45.25 0s-12.5-32.75 0-45.25L306.8 288H128C110.3 288 96 273.7 96 256s14.31-32 32-32h178.8l-49.38-49.38c-12.5-12.5-12.5-32.75 0-45.25s32.75-12.5 45.25 0l103.1 103.1C414.6 241.3 416 251.1 416 256C416 260.9 414.6 270.7 406.6 278.6z\"><\/path><\/svg><\/span><span class=\"uagb-icon-list__label\">Respect de l&rsquo;environnement<\/span><\/div>\n<\/div><\/div>\n<\/div>\n<\/div>\n<\/div><\/div>\n\n\n\n<div style=\"height:50px\" aria-hidden=\"true\" class=\"wp-block-spacer\"><\/div>\n","protected":false},"excerpt":{"rendered":"<p>Stockages de marchandises et garde-meubles Dans le cadre d\u2019un\u00a0transport, d\u2019une\u00a0livraison, d\u2019un\u00a0d\u00e9m\u00e9nagement, vous pouvez avoir besoin d\u2019un entreposage\u00a0temporaire ou \u00e0 plus long terme de marchandises, de meubles, d\u2019objets lourds ou volumineux.\u00a0 Skyroad\u00a0International\u00a0dispose d&rsquo;entrep\u00f4ts industriels\u00a0en Floride d\u2019une capacit\u00e9 de plusieurs milliers de m3,\u00a0s\u00e9curis\u00e9s par vid\u00e9o surveillance,\u00a0avec une temp\u00e9rature contr\u00f4l\u00e9e.\u00a0Tous\u00a0nos sites\u00a0nous\u00a0permettent d\u2019offrir aux particuliers et aux entreprises des [&hellip;]<\/p>\n","protected":false},"author":4,"featured_media":0,"parent":0,"menu_order":0,"comment_status":"closed","ping_status":"closed","template":"","meta":{"_uag_custom_page_level_css":"","footnotes":""},"class_list":["post-1303","page","type-page","status-publish","hentry"],"yoast_head":"<!-- This site is optimized with the Yoast SEO plugin v27.0 - https:\/\/yoast.com\/product\/yoast-seo-wordpress\/ -->\n<title>Service de stockage et garde-meubles aux Etats-Unis - Skyroad<\/title>\n<meta name=\"description\" content=\"Dans le cadre d\u2019un transport, d\u2019une livraison, d\u2019un d\u00e9m\u00e9nagement, vous pouvez avoir besoin d\u2019un entreposage temporaire ou \u00e0 plus long terme de marchandises, de meubles, d\u2019objets lourds ou volumineux.\" \/>\n<meta name=\"robots\" content=\"index, follow, max-snippet:-1, max-image-preview:large, max-video-preview:-1\" \/>\n<link rel=\"canonical\" href=\"https:\/\/skyroad-miami.com\/fr\/stockages\/\" \/>\n<meta property=\"og:locale\" content=\"fr_FR\" \/>\n<meta property=\"og:type\" content=\"article\" \/>\n<meta property=\"og:title\" content=\"Service de stockage et garde-meubles aux Etats-Unis - Skyroad\" \/>\n<meta property=\"og:description\" content=\"Dans le cadre d\u2019un transport, d\u2019une livraison, d\u2019un d\u00e9m\u00e9nagement, vous pouvez avoir besoin d\u2019un entreposage temporaire ou \u00e0 plus long terme de marchandises, de meubles, d\u2019objets lourds ou volumineux.\" \/>\n<meta property=\"og:url\" content=\"https:\/\/skyroad-miami.com\/fr\/stockages\/\" \/>\n<meta property=\"og:site_name\" content=\"Skyroad Miami\" \/>\n<meta property=\"article:modified_time\" content=\"2025-09-19T15:13:35+00:00\" \/>\n<meta property=\"og:image\" content=\"https:\/\/skyroad-miami.com\/wp-content\/uploads\/2023\/08\/stockage-warehouse-storage-merchandise-miami-skyroad-2.jpg\" \/>\n\t<meta property=\"og:image:width\" content=\"1920\" \/>\n\t<meta property=\"og:image:height\" content=\"667\" \/>\n\t<meta property=\"og:image:type\" content=\"image\/jpeg\" \/>\n<meta name=\"twitter:card\" content=\"summary_large_image\" \/>\n<meta name=\"twitter:label1\" content=\"Dur\u00e9e de lecture estim\u00e9e\" \/>\n\t<meta name=\"twitter:data1\" content=\"2 minutes\" \/>\n<script type=\"application\/ld+json\" class=\"yoast-schema-graph\">{\"@context\":\"https:\/\/schema.org\",\"@graph\":[{\"@type\":\"WebPage\",\"@id\":\"https:\/\/skyroad-miami.com\/fr\/stockages\/\",\"url\":\"https:\/\/skyroad-miami.com\/fr\/stockages\/\",\"name\":\"Service de stockage et garde-meubles aux Etats-Unis - Skyroad\",\"isPartOf\":{\"@id\":\"https:\/\/skyroad-miami.com\/fr\/#website\"},\"primaryImageOfPage\":{\"@id\":\"https:\/\/skyroad-miami.com\/fr\/stockages\/#primaryimage\"},\"image\":{\"@id\":\"https:\/\/skyroad-miami.com\/fr\/stockages\/#primaryimage\"},\"thumbnailUrl\":\"https:\/\/skyroad-miami.com\/wp-content\/uploads\/2023\/08\/stockage-warehouse-storage-merchandise-miami-skyroad-2.jpg\",\"datePublished\":\"2023-08-09T15:05:28+00:00\",\"dateModified\":\"2025-09-19T15:13:35+00:00\",\"description\":\"Dans le cadre d\u2019un transport, d\u2019une livraison, d\u2019un d\u00e9m\u00e9nagement, vous pouvez avoir besoin d\u2019un entreposage temporaire ou \u00e0 plus long terme de marchandises, de meubles, d\u2019objets lourds ou volumineux.\",\"breadcrumb\":{\"@id\":\"https:\/\/skyroad-miami.com\/fr\/stockages\/#breadcrumb\"},\"inLanguage\":\"fr-FR\",\"potentialAction\":[{\"@type\":\"ReadAction\",\"target\":[\"https:\/\/skyroad-miami.com\/fr\/stockages\/\"]}]},{\"@type\":\"ImageObject\",\"inLanguage\":\"fr-FR\",\"@id\":\"https:\/\/skyroad-miami.com\/fr\/stockages\/#primaryimage\",\"url\":\"https:\/\/skyroad-miami.com\/wp-content\/uploads\/2023\/08\/stockage-warehouse-storage-merchandise-miami-skyroad-2.jpg\",\"contentUrl\":\"https:\/\/skyroad-miami.com\/wp-content\/uploads\/2023\/08\/stockage-warehouse-storage-merchandise-miami-skyroad-2.jpg\"},{\"@type\":\"BreadcrumbList\",\"@id\":\"https:\/\/skyroad-miami.com\/fr\/stockages\/#breadcrumb\",\"itemListElement\":[{\"@type\":\"ListItem\",\"position\":1,\"name\":\"Skyroad International\",\"item\":\"https:\/\/skyroad-miami.com\/fr\/\"},{\"@type\":\"ListItem\",\"position\":2,\"name\":\"Stockages\"}]},{\"@type\":\"WebSite\",\"@id\":\"https:\/\/skyroad-miami.com\/fr\/#website\",\"url\":\"https:\/\/skyroad-miami.com\/fr\/\",\"name\":\"Skyroad Miami\",\"description\":\"\",\"publisher\":{\"@id\":\"https:\/\/skyroad-miami.com\/fr\/#organization\"},\"potentialAction\":[{\"@type\":\"SearchAction\",\"target\":{\"@type\":\"EntryPoint\",\"urlTemplate\":\"https:\/\/skyroad-miami.com\/fr\/?s={search_term_string}\"},\"query-input\":{\"@type\":\"PropertyValueSpecification\",\"valueRequired\":true,\"valueName\":\"search_term_string\"}}],\"inLanguage\":\"fr-FR\"},{\"@type\":\"Organization\",\"@id\":\"https:\/\/skyroad-miami.com\/fr\/#organization\",\"name\":\"Skyroad International Inc.\",\"url\":\"https:\/\/skyroad-miami.com\/fr\/\",\"logo\":{\"@type\":\"ImageObject\",\"inLanguage\":\"fr-FR\",\"@id\":\"https:\/\/skyroad-miami.com\/fr\/#\/schema\/logo\/image\/\",\"url\":\"https:\/\/skyroad-miami.com\/wp-content\/uploads\/2019\/09\/skyroad-international-logo-blue.png\",\"contentUrl\":\"https:\/\/skyroad-miami.com\/wp-content\/uploads\/2019\/09\/skyroad-international-logo-blue.png\",\"width\":681,\"height\":360,\"caption\":\"Skyroad International Inc.\"},\"image\":{\"@id\":\"https:\/\/skyroad-miami.com\/fr\/#\/schema\/logo\/image\/\"}}]}<\/script>\n<!-- \/ Yoast SEO plugin. -->","yoast_head_json":{"title":"Service de stockage et garde-meubles aux Etats-Unis - Skyroad","description":"Dans le cadre d\u2019un transport, d\u2019une livraison, d\u2019un d\u00e9m\u00e9nagement, vous pouvez avoir besoin d\u2019un entreposage temporaire ou \u00e0 plus long terme de marchandises, de meubles, d\u2019objets lourds ou volumineux.","robots":{"index":"index","follow":"follow","max-snippet":"max-snippet:-1","max-image-preview":"max-image-preview:large","max-video-preview":"max-video-preview:-1"},"canonical":"https:\/\/skyroad-miami.com\/fr\/stockages\/","og_locale":"fr_FR","og_type":"article","og_title":"Service de stockage et garde-meubles aux Etats-Unis - Skyroad","og_description":"Dans le cadre d\u2019un transport, d\u2019une livraison, d\u2019un d\u00e9m\u00e9nagement, vous pouvez avoir besoin d\u2019un entreposage temporaire ou \u00e0 plus long terme de marchandises, de meubles, d\u2019objets lourds ou volumineux.","og_url":"https:\/\/skyroad-miami.com\/fr\/stockages\/","og_site_name":"Skyroad Miami","article_modified_time":"2025-09-19T15:13:35+00:00","og_image":[{"width":1920,"height":667,"url":"https:\/\/skyroad-miami.com\/wp-content\/uploads\/2023\/08\/stockage-warehouse-storage-merchandise-miami-skyroad-2.jpg","type":"image\/jpeg"}],"twitter_card":"summary_large_image","twitter_misc":{"Dur\u00e9e de lecture estim\u00e9e":"2 minutes"},"schema":{"@context":"https:\/\/schema.org","@graph":[{"@type":"WebPage","@id":"https:\/\/skyroad-miami.com\/fr\/stockages\/","url":"https:\/\/skyroad-miami.com\/fr\/stockages\/","name":"Service de stockage et garde-meubles aux Etats-Unis - Skyroad","isPartOf":{"@id":"https:\/\/skyroad-miami.com\/fr\/#website"},"primaryImageOfPage":{"@id":"https:\/\/skyroad-miami.com\/fr\/stockages\/#primaryimage"},"image":{"@id":"https:\/\/skyroad-miami.com\/fr\/stockages\/#primaryimage"},"thumbnailUrl":"https:\/\/skyroad-miami.com\/wp-content\/uploads\/2023\/08\/stockage-warehouse-storage-merchandise-miami-skyroad-2.jpg","datePublished":"2023-08-09T15:05:28+00:00","dateModified":"2025-09-19T15:13:35+00:00","description":"Dans le cadre d\u2019un transport, d\u2019une livraison, d\u2019un d\u00e9m\u00e9nagement, vous pouvez avoir besoin d\u2019un entreposage temporaire ou \u00e0 plus long terme de marchandises, de meubles, d\u2019objets lourds ou volumineux.","breadcrumb":{"@id":"https:\/\/skyroad-miami.com\/fr\/stockages\/#breadcrumb"},"inLanguage":"fr-FR","potentialAction":[{"@type":"ReadAction","target":["https:\/\/skyroad-miami.com\/fr\/stockages\/"]}]},{"@type":"ImageObject","inLanguage":"fr-FR","@id":"https:\/\/skyroad-miami.com\/fr\/stockages\/#primaryimage","url":"https:\/\/skyroad-miami.com\/wp-content\/uploads\/2023\/08\/stockage-warehouse-storage-merchandise-miami-skyroad-2.jpg","contentUrl":"https:\/\/skyroad-miami.com\/wp-content\/uploads\/2023\/08\/stockage-warehouse-storage-merchandise-miami-skyroad-2.jpg"},{"@type":"BreadcrumbList","@id":"https:\/\/skyroad-miami.com\/fr\/stockages\/#breadcrumb","itemListElement":[{"@type":"ListItem","position":1,"name":"Skyroad International","item":"https:\/\/skyroad-miami.com\/fr\/"},{"@type":"ListItem","position":2,"name":"Stockages"}]},{"@type":"WebSite","@id":"https:\/\/skyroad-miami.com\/fr\/#website","url":"https:\/\/skyroad-miami.com\/fr\/","name":"Skyroad Miami","description":"","publisher":{"@id":"https:\/\/skyroad-miami.com\/fr\/#organization"},"potentialAction":[{"@type":"SearchAction","target":{"@type":"EntryPoint","urlTemplate":"https:\/\/skyroad-miami.com\/fr\/?s={search_term_string}"},"query-input":{"@type":"PropertyValueSpecification","valueRequired":true,"valueName":"search_term_string"}}],"inLanguage":"fr-FR"},{"@type":"Organization","@id":"https:\/\/skyroad-miami.com\/fr\/#organization","name":"Skyroad International Inc.","url":"https:\/\/skyroad-miami.com\/fr\/","logo":{"@type":"ImageObject","inLanguage":"fr-FR","@id":"https:\/\/skyroad-miami.com\/fr\/#\/schema\/logo\/image\/","url":"https:\/\/skyroad-miami.com\/wp-content\/uploads\/2019\/09\/skyroad-international-logo-blue.png","contentUrl":"https:\/\/skyroad-miami.com\/wp-content\/uploads\/2019\/09\/skyroad-international-logo-blue.png","width":681,"height":360,"caption":"Skyroad International Inc."},"image":{"@id":"https:\/\/skyroad-miami.com\/fr\/#\/schema\/logo\/image\/"}}]}},"uagb_featured_image_src":{"full":false,"thumbnail":false,"medium":false,"medium_large":false,"large":false,"1536x1536":false,"2048x2048":false,"gform-image-choice-sm":false,"gform-image-choice-md":false,"gform-image-choice-lg":false},"uagb_author_info":{"display_name":"Laurence Rousselot","author_link":"https:\/\/skyroad-miami.com\/fr\/author\/laurence-rousselotgmail-com\/"},"uagb_comment_info":0,"uagb_excerpt":"Stockages de marchandises et garde-meubles Dans le cadre d\u2019un\u00a0transport, d\u2019une\u00a0livraison, d\u2019un\u00a0d\u00e9m\u00e9nagement, vous pouvez avoir besoin d\u2019un entreposage\u00a0temporaire ou \u00e0 plus long terme de marchandises, de meubles, d\u2019objets lourds ou volumineux.\u00a0 Skyroad\u00a0International\u00a0dispose d&rsquo;entrep\u00f4ts industriels\u00a0en Floride d\u2019une capacit\u00e9 de plusieurs milliers de m3,\u00a0s\u00e9curis\u00e9s par vid\u00e9o surveillance,\u00a0avec une temp\u00e9rature contr\u00f4l\u00e9e.\u00a0Tous\u00a0nos sites\u00a0nous\u00a0permettent d\u2019offrir aux particuliers et aux entreprises des\u2026","_links":{"self":[{"href":"https:\/\/skyroad-miami.com\/fr\/wp-json\/wp\/v2\/pages\/1303","targetHints":{"allow":["GET"]}}],"collection":[{"href":"https:\/\/skyroad-miami.com\/fr\/wp-json\/wp\/v2\/pages"}],"about":[{"href":"https:\/\/skyroad-miami.com\/fr\/wp-json\/wp\/v2\/types\/page"}],"author":[{"embeddable":true,"href":"https:\/\/skyroad-miami.com\/fr\/wp-json\/wp\/v2\/users\/4"}],"replies":[{"embeddable":true,"href":"https:\/\/skyroad-miami.com\/fr\/wp-json\/wp\/v2\/comments?post=1303"}],"version-history":[{"count":67,"href":"https:\/\/skyroad-miami.com\/fr\/wp-json\/wp\/v2\/pages\/1303\/revisions"}],"predecessor-version":[{"id":2270,"href":"https:\/\/skyroad-miami.com\/fr\/wp-json\/wp\/v2\/pages\/1303\/revisions\/2270"}],"wp:attachment":[{"href":"https:\/\/skyroad-miami.com\/fr\/wp-json\/wp\/v2\/media?parent=1303"}],"curies":[{"name":"wp","href":"https:\/\/api.w.org\/{rel}","templated":true}]}}