{"id":1281,"date":"2023-08-09T09:41:46","date_gmt":"2023-08-09T14:41:46","guid":{"rendered":"https:\/\/skyroad-miami.com\/?page_id=1281"},"modified":"2025-09-19T10:09:47","modified_gmt":"2025-09-19T15:09:47","slug":"livraisons-gants-blancs","status":"publish","type":"page","link":"https:\/\/skyroad-miami.com\/fr\/livraisons-gants-blancs\/","title":{"rendered":"Livraisons GANTS BLANCS"},"content":{"rendered":"\n<div class=\"wp-block-caxton-super-hero relative  vw-100-bg remove-bottom-margin\"><div class=\"absolute absolute--fill\"><div key=\"bg-image\" class=\"cover bg-center absolute absolute--fill\" style=\"\"><\/div><div key=\"bg-colors\" class=\"absolute absolute--fill\" style=\"background-color: #194177;background-image:linear-gradient( 45deg, #194177, #194177);opacity:1;\"><\/div><\/div><div class=\"relative caxton-columns caxton-1-columns\" style=\"padding-top:5%;padding-left:5%;padding-bottom:5%;padding-right:5%\" data-mobile-css=\"padding-left:5em;padding-right:5em;\" data-tablet-css=\"padding-left:5em;padding-right:5em;\">\n<div class=\"wp-block-column is-layout-flow wp-block-column-is-layout-flow\">\n<div class=\"wp-block-uagb-advanced-heading uagb-block-b1c9f102\"><h2 class=\"uagb-heading-text\">Livraisons Gants Blancs&nbsp;<\/h2><div class=\"uagb-separator\"><\/div><\/div>\n<\/div>\n<\/div><\/div>\n\n\n\n<div class=\"wp-block-cover alignwide is-light\"><span aria-hidden=\"true\" class=\"wp-block-cover__background has-background-dim-0 has-background-dim\"><\/span><img loading=\"lazy\" decoding=\"async\" width=\"1785\" height=\"1004\" class=\"wp-block-cover__image-background wp-image-1322\" alt=\"\" src=\"https:\/\/skyroad-miami.com\/wp-content\/uploads\/2023\/08\/Skyroad_-livraison_gants_blancs_Miami_Floride-Bandeau-edited.jpg\" data-object-fit=\"cover\" srcset=\"https:\/\/skyroad-miami.com\/wp-content\/uploads\/2023\/08\/Skyroad_-livraison_gants_blancs_Miami_Floride-Bandeau-edited.jpg 1785w, https:\/\/skyroad-miami.com\/wp-content\/uploads\/2023\/08\/Skyroad_-livraison_gants_blancs_Miami_Floride-Bandeau-edited-300x169.jpg 300w, https:\/\/skyroad-miami.com\/wp-content\/uploads\/2023\/08\/Skyroad_-livraison_gants_blancs_Miami_Floride-Bandeau-edited-1024x576.jpg 1024w, https:\/\/skyroad-miami.com\/wp-content\/uploads\/2023\/08\/Skyroad_-livraison_gants_blancs_Miami_Floride-Bandeau-edited-768x432.jpg 768w, https:\/\/skyroad-miami.com\/wp-content\/uploads\/2023\/08\/Skyroad_-livraison_gants_blancs_Miami_Floride-Bandeau-edited-1536x864.jpg 1536w\" sizes=\"auto, (max-width: 1785px) 100vw, 1785px\" \/><div class=\"wp-block-cover__inner-container is-layout-flow wp-block-cover-is-layout-flow\">\n<p class=\"has-text-align-center has-large-font-size\"><\/p>\n<\/div><\/div>\n\n\n\n<h2 class=\"wp-block-heading has-background\" style=\"background-color:#f2f2f2\">Services&nbsp;Livraisons&nbsp;Gants&nbsp;Blancs&nbsp;<\/h2>\n\n\n\n<p class=\"has-white-background-color has-background\"><strong><strong>Skyroad Miami\u00a0<\/strong>est certifi\u00e9\u00a0<strong>Livraisons\u00a0Gants Blancs<\/strong>.\u00a0\u00ab\u00a0Gant Blanc \u00bb est une expression utilis\u00e9e pour qualifier\u00a0<strong>l&rsquo;excellence d\u2019un\u00a0service\u00a0<\/strong>d\u2019exp\u00e9dition, de livraison, d\u2019installation ou de stockage de biens ou de marchandises. <\/strong><br><br><strong>Une attention et un soin particulier sont apport\u00e9s pendant la prestation aux produits pris en charge.\u00a0Skyroad\u00a0International garantie\u00a0des services\u00a0de <strong>Livraisons\u00a0Gants\u00a0Blancs\u00a0<\/strong>\u00e0\u00a0<strong>l\u2019ensemble de ses prestations<\/strong>\u00a0pour les particuliers et les entreprises.<\/strong><\/p>\n\n\n\n<hr class=\"wp-block-separator has-text-color has-alpha-channel-opacity has-background is-style-wide\" style=\"background-color:#4472c4;color:#4472c4\"\/>\n\n\n\n<h2 class=\"wp-block-heading\"><strong>Garanties de la Livraison Gants Blancs\u00a0<\/strong><\/h2>\n\n\n\n<div class=\"wp-block-columns is-layout-flex wp-container-core-columns-is-layout-28f84493 wp-block-columns-is-layout-flex\">\n<div class=\"wp-block-column is-layout-flow wp-block-column-is-layout-flow\" style=\"flex-basis:100%\">\n<h3 class=\"wp-block-heading\">Excellence du service client\u00e8le<\/h3>\n\n\n\n<p>Le client est une priorit\u00e9 absolue. Tous les moyens techniques et humains sont mis en \u0153uvre pour le satisfaire.<\/p>\n\n\n\n<h3 class=\"wp-block-heading\">Ma\u00eetrise de la cha\u00eene logistique<\/h3>\n\n\n\n<p>Vous avez affaire \u00e0 un professionnel qualifi\u00e9 qui ma\u00eetrise toutes les \u00e9tapes logistiques n\u00e9cessaires \u00e0 sa mission.<\/p>\n\n\n\n<h3 class=\"wp-block-heading\">Haute protection des biens transport\u00e9s<\/h3>\n\n\n\n<p>Mat\u00e9riaux d&#8217;emballage et technologie appropri\u00e9s sont garantis pour assurer la s\u00e9curit\u00e9 des marchandises tout au long du traitement de votre commande.<\/p>\n\n\n\n<h3 class=\"wp-block-heading\">Diminution des risques de dommages<\/h3>\n\n\n\n<p>La protection des biens est ma\u00eetris\u00e9, les risques de dommages sont donc r\u00e9duits au minimum.<\/p>\n\n\n\n<h3 class=\"wp-block-heading\">Tranquillit\u00e9 d&rsquo;esprit<\/h3>\n\n\n\n<p>La Livraison Gants Blancs vous offre une tranquillit\u00e9 d&rsquo;esprit incomparable. Skyroad Miami s&rsquo;occupe de toute la logistique, et vous laisse la libert\u00e9 de concentrer votre \u00e9nergie ailleurs.<\/p>\n\n\n\n<h3 class=\"wp-block-heading\">Fiabilit\u00e9 des d\u00e9lais<\/h3>\n\n\n\n<p>Vous avez des informations de suivi \u00e0 chaque \u00e9tape du processus de transport. Cette livraison haut de gamme supprime toute mauvaise surprise en termes de d\u00e9lais.<\/p>\n\n\n\n<h3 class=\"wp-block-heading\">Respect de l&rsquo;environnement<\/h3>\n\n\n\n<p>Les livraisons sont planifi\u00e9es afin d\u2019\u00e9viter les livraisons infructueuses, comme c\u2019est souvent le cas dans les m\u00e9thodes d&rsquo;exp\u00e9dition traditionnelles<\/p>\n\n\n\n<p class=\"has-normal-font-size\"><strong>Pour en savoir plus sur nos services, nos rubriques<\/strong> \u00ab <a href=\"https:\/\/skyroad-miami.com\/fr\/transports\/\" target=\"_blank\" rel=\"noreferrer noopener\">Transports<\/a> \u00bb, \u00ab <a href=\"https:\/\/skyroad-miami.com\/fr\/demenagements\/\" target=\"_blank\" rel=\"noreferrer noopener\">D\u00e9m\u00e9nagements<\/a> \u00bb, \u00ab <a href=\"https:\/\/skyroad-miami.com\/fr\/stockages\/\">Stockages<\/a> \u00bb<br><\/p>\n\n\n\n<p class=\"has-medium-font-size\"><strong>Faire appel aux services de&nbsp;Livraisons&nbsp;Gants Blancs, c\u2019est l&rsquo;assurance que votre demande est entre de bonnes mains&nbsp;!<\/strong><\/p>\n<\/div>\n<\/div>\n\n\n\n<div class=\"wp-block-uagb-image aligncenter uagb-block-86e15a74 wp-block-uagb-image--layout-default wp-block-uagb-image--effect-static wp-block-uagb-image--align-center\"><figure class=\"wp-block-uagb-image__figure\"><img decoding=\"async\" srcset=\"https:\/\/skyroad-miami.com\/wp-content\/uploads\/2023\/08\/skyroad-livraison-gants-blancs-white-glove-delivery-1024x683.jpg \" sizes=\"auto, (max-width: 480px) 150px\" src=\"https:\/\/skyroad-miami.com\/wp-content\/uploads\/2023\/08\/skyroad-livraison-gants-blancs-white-glove-delivery-1024x683.jpg\" alt=\"\" class=\"uag-image-2111\" width=\"1024\" height=\"683\" title=\"\" loading=\"lazy\"\/><\/figure><\/div>\n\n\n\n<p><\/p>\n","protected":false},"excerpt":{"rendered":"<p>Services&nbsp;Livraisons&nbsp;Gants&nbsp;Blancs&nbsp; Skyroad Miami\u00a0est certifi\u00e9\u00a0Livraisons\u00a0Gants Blancs.\u00a0\u00ab\u00a0Gant Blanc \u00bb est une expression utilis\u00e9e pour qualifier\u00a0l&rsquo;excellence d\u2019un\u00a0service\u00a0d\u2019exp\u00e9dition, de livraison, d\u2019installation ou de stockage de biens ou de marchandises. Une attention et un soin particulier sont apport\u00e9s pendant la prestation aux produits pris en charge.\u00a0Skyroad\u00a0International garantie\u00a0des services\u00a0de Livraisons\u00a0Gants\u00a0Blancs\u00a0\u00e0\u00a0l\u2019ensemble de ses prestations\u00a0pour les particuliers et les entreprises. Garanties de la [&hellip;]<\/p>\n","protected":false},"author":4,"featured_media":0,"parent":0,"menu_order":0,"comment_status":"closed","ping_status":"closed","template":"","meta":{"_uag_custom_page_level_css":"","footnotes":""},"class_list":["post-1281","page","type-page","status-publish","hentry"],"yoast_head":"<!-- This site is optimized with the Yoast SEO plugin v27.0 - https:\/\/yoast.com\/product\/yoast-seo-wordpress\/ -->\n<title>Services\u00a0Livraisons\u00a0Gants\u00a0Blancs\u00a0Skyroad Miami<\/title>\n<meta name=\"description\" content=\"Skyroad Miami\u00a0est certifi\u00e9\u00a0Livraisons\u00a0Gants Blancs.\u00a0\u00ab\u00a0Gant Blanc \u00bb est une expression utilis\u00e9e pour qualifier\u00a0l&#039;excellence d\u2019un\u00a0service\u00a0d\u2019exp\u00e9dition, de livraison, d\u2019installation ou de stockage de biens ou de marchandises.\" \/>\n<meta name=\"robots\" content=\"index, follow, max-snippet:-1, max-image-preview:large, max-video-preview:-1\" \/>\n<link rel=\"canonical\" href=\"https:\/\/skyroad-miami.com\/fr\/livraisons-gants-blancs\/\" \/>\n<meta property=\"og:locale\" content=\"fr_FR\" \/>\n<meta property=\"og:type\" content=\"article\" \/>\n<meta property=\"og:title\" content=\"Services\u00a0Livraisons\u00a0Gants\u00a0Blancs\u00a0Skyroad Miami\" \/>\n<meta property=\"og:description\" content=\"Skyroad Miami\u00a0est certifi\u00e9\u00a0Livraisons\u00a0Gants Blancs.\u00a0\u00ab\u00a0Gant Blanc \u00bb est une expression utilis\u00e9e pour qualifier\u00a0l&#039;excellence d\u2019un\u00a0service\u00a0d\u2019exp\u00e9dition, de livraison, d\u2019installation ou de stockage de biens ou de marchandises.\" \/>\n<meta property=\"og:url\" content=\"https:\/\/skyroad-miami.com\/fr\/livraisons-gants-blancs\/\" \/>\n<meta property=\"og:site_name\" content=\"Skyroad Miami\" \/>\n<meta property=\"article:modified_time\" content=\"2025-09-19T15:09:47+00:00\" \/>\n<meta property=\"og:image\" content=\"https:\/\/skyroad-miami.com\/wp-content\/uploads\/2023\/08\/Skyroad_-livraison_gants_blancs_Miami_Floride-Bandeau-edited.jpg\" \/>\n\t<meta property=\"og:image:width\" content=\"1785\" \/>\n\t<meta property=\"og:image:height\" content=\"1004\" \/>\n\t<meta property=\"og:image:type\" content=\"image\/jpeg\" \/>\n<meta name=\"twitter:card\" content=\"summary_large_image\" \/>\n<meta name=\"twitter:label1\" content=\"Dur\u00e9e de lecture estim\u00e9e\" \/>\n\t<meta name=\"twitter:data1\" content=\"2 minutes\" \/>\n<script type=\"application\/ld+json\" class=\"yoast-schema-graph\">{\"@context\":\"https:\/\/schema.org\",\"@graph\":[{\"@type\":\"WebPage\",\"@id\":\"https:\/\/skyroad-miami.com\/fr\/livraisons-gants-blancs\/\",\"url\":\"https:\/\/skyroad-miami.com\/fr\/livraisons-gants-blancs\/\",\"name\":\"Services\u00a0Livraisons\u00a0Gants\u00a0Blancs\u00a0Skyroad Miami\",\"isPartOf\":{\"@id\":\"https:\/\/skyroad-miami.com\/fr\/#website\"},\"primaryImageOfPage\":{\"@id\":\"https:\/\/skyroad-miami.com\/fr\/livraisons-gants-blancs\/#primaryimage\"},\"image\":{\"@id\":\"https:\/\/skyroad-miami.com\/fr\/livraisons-gants-blancs\/#primaryimage\"},\"thumbnailUrl\":\"https:\/\/skyroad-miami.com\/wp-content\/uploads\/2023\/08\/Skyroad_-livraison_gants_blancs_Miami_Floride-Bandeau-edited.jpg\",\"datePublished\":\"2023-08-09T14:41:46+00:00\",\"dateModified\":\"2025-09-19T15:09:47+00:00\",\"description\":\"Skyroad Miami\u00a0est certifi\u00e9\u00a0Livraisons\u00a0Gants Blancs.\u00a0\u00ab\u00a0Gant Blanc \u00bb est une expression utilis\u00e9e pour qualifier\u00a0l'excellence d\u2019un\u00a0service\u00a0d\u2019exp\u00e9dition, de livraison, d\u2019installation ou de stockage de biens ou de marchandises.\",\"breadcrumb\":{\"@id\":\"https:\/\/skyroad-miami.com\/fr\/livraisons-gants-blancs\/#breadcrumb\"},\"inLanguage\":\"fr-FR\",\"potentialAction\":[{\"@type\":\"ReadAction\",\"target\":[\"https:\/\/skyroad-miami.com\/fr\/livraisons-gants-blancs\/\"]}]},{\"@type\":\"ImageObject\",\"inLanguage\":\"fr-FR\",\"@id\":\"https:\/\/skyroad-miami.com\/fr\/livraisons-gants-blancs\/#primaryimage\",\"url\":\"https:\/\/skyroad-miami.com\/wp-content\/uploads\/2023\/08\/Skyroad_-livraison_gants_blancs_Miami_Floride-Bandeau-edited.jpg\",\"contentUrl\":\"https:\/\/skyroad-miami.com\/wp-content\/uploads\/2023\/08\/Skyroad_-livraison_gants_blancs_Miami_Floride-Bandeau-edited.jpg\"},{\"@type\":\"BreadcrumbList\",\"@id\":\"https:\/\/skyroad-miami.com\/fr\/livraisons-gants-blancs\/#breadcrumb\",\"itemListElement\":[{\"@type\":\"ListItem\",\"position\":1,\"name\":\"Skyroad International\",\"item\":\"https:\/\/skyroad-miami.com\/fr\/\"},{\"@type\":\"ListItem\",\"position\":2,\"name\":\"Livraisons GANTS BLANCS\"}]},{\"@type\":\"WebSite\",\"@id\":\"https:\/\/skyroad-miami.com\/fr\/#website\",\"url\":\"https:\/\/skyroad-miami.com\/fr\/\",\"name\":\"Skyroad Miami\",\"description\":\"\",\"publisher\":{\"@id\":\"https:\/\/skyroad-miami.com\/fr\/#organization\"},\"potentialAction\":[{\"@type\":\"SearchAction\",\"target\":{\"@type\":\"EntryPoint\",\"urlTemplate\":\"https:\/\/skyroad-miami.com\/fr\/?s={search_term_string}\"},\"query-input\":{\"@type\":\"PropertyValueSpecification\",\"valueRequired\":true,\"valueName\":\"search_term_string\"}}],\"inLanguage\":\"fr-FR\"},{\"@type\":\"Organization\",\"@id\":\"https:\/\/skyroad-miami.com\/fr\/#organization\",\"name\":\"Skyroad International Inc.\",\"url\":\"https:\/\/skyroad-miami.com\/fr\/\",\"logo\":{\"@type\":\"ImageObject\",\"inLanguage\":\"fr-FR\",\"@id\":\"https:\/\/skyroad-miami.com\/fr\/#\/schema\/logo\/image\/\",\"url\":\"https:\/\/skyroad-miami.com\/wp-content\/uploads\/2019\/09\/skyroad-international-logo-blue.png\",\"contentUrl\":\"https:\/\/skyroad-miami.com\/wp-content\/uploads\/2019\/09\/skyroad-international-logo-blue.png\",\"width\":681,\"height\":360,\"caption\":\"Skyroad International Inc.\"},\"image\":{\"@id\":\"https:\/\/skyroad-miami.com\/fr\/#\/schema\/logo\/image\/\"}}]}<\/script>\n<!-- \/ Yoast SEO plugin. -->","yoast_head_json":{"title":"Services\u00a0Livraisons\u00a0Gants\u00a0Blancs\u00a0Skyroad Miami","description":"Skyroad Miami\u00a0est certifi\u00e9\u00a0Livraisons\u00a0Gants Blancs.\u00a0\u00ab\u00a0Gant Blanc \u00bb est une expression utilis\u00e9e pour qualifier\u00a0l'excellence d\u2019un\u00a0service\u00a0d\u2019exp\u00e9dition, de livraison, d\u2019installation ou de stockage de biens ou de marchandises.","robots":{"index":"index","follow":"follow","max-snippet":"max-snippet:-1","max-image-preview":"max-image-preview:large","max-video-preview":"max-video-preview:-1"},"canonical":"https:\/\/skyroad-miami.com\/fr\/livraisons-gants-blancs\/","og_locale":"fr_FR","og_type":"article","og_title":"Services\u00a0Livraisons\u00a0Gants\u00a0Blancs\u00a0Skyroad Miami","og_description":"Skyroad Miami\u00a0est certifi\u00e9\u00a0Livraisons\u00a0Gants Blancs.\u00a0\u00ab\u00a0Gant Blanc \u00bb est une expression utilis\u00e9e pour qualifier\u00a0l'excellence d\u2019un\u00a0service\u00a0d\u2019exp\u00e9dition, de livraison, d\u2019installation ou de stockage de biens ou de marchandises.","og_url":"https:\/\/skyroad-miami.com\/fr\/livraisons-gants-blancs\/","og_site_name":"Skyroad Miami","article_modified_time":"2025-09-19T15:09:47+00:00","og_image":[{"width":1785,"height":1004,"url":"https:\/\/skyroad-miami.com\/wp-content\/uploads\/2023\/08\/Skyroad_-livraison_gants_blancs_Miami_Floride-Bandeau-edited.jpg","type":"image\/jpeg"}],"twitter_card":"summary_large_image","twitter_misc":{"Dur\u00e9e de lecture estim\u00e9e":"2 minutes"},"schema":{"@context":"https:\/\/schema.org","@graph":[{"@type":"WebPage","@id":"https:\/\/skyroad-miami.com\/fr\/livraisons-gants-blancs\/","url":"https:\/\/skyroad-miami.com\/fr\/livraisons-gants-blancs\/","name":"Services\u00a0Livraisons\u00a0Gants\u00a0Blancs\u00a0Skyroad Miami","isPartOf":{"@id":"https:\/\/skyroad-miami.com\/fr\/#website"},"primaryImageOfPage":{"@id":"https:\/\/skyroad-miami.com\/fr\/livraisons-gants-blancs\/#primaryimage"},"image":{"@id":"https:\/\/skyroad-miami.com\/fr\/livraisons-gants-blancs\/#primaryimage"},"thumbnailUrl":"https:\/\/skyroad-miami.com\/wp-content\/uploads\/2023\/08\/Skyroad_-livraison_gants_blancs_Miami_Floride-Bandeau-edited.jpg","datePublished":"2023-08-09T14:41:46+00:00","dateModified":"2025-09-19T15:09:47+00:00","description":"Skyroad Miami\u00a0est certifi\u00e9\u00a0Livraisons\u00a0Gants Blancs.\u00a0\u00ab\u00a0Gant Blanc \u00bb est une expression utilis\u00e9e pour qualifier\u00a0l'excellence d\u2019un\u00a0service\u00a0d\u2019exp\u00e9dition, de livraison, d\u2019installation ou de stockage de biens ou de marchandises.","breadcrumb":{"@id":"https:\/\/skyroad-miami.com\/fr\/livraisons-gants-blancs\/#breadcrumb"},"inLanguage":"fr-FR","potentialAction":[{"@type":"ReadAction","target":["https:\/\/skyroad-miami.com\/fr\/livraisons-gants-blancs\/"]}]},{"@type":"ImageObject","inLanguage":"fr-FR","@id":"https:\/\/skyroad-miami.com\/fr\/livraisons-gants-blancs\/#primaryimage","url":"https:\/\/skyroad-miami.com\/wp-content\/uploads\/2023\/08\/Skyroad_-livraison_gants_blancs_Miami_Floride-Bandeau-edited.jpg","contentUrl":"https:\/\/skyroad-miami.com\/wp-content\/uploads\/2023\/08\/Skyroad_-livraison_gants_blancs_Miami_Floride-Bandeau-edited.jpg"},{"@type":"BreadcrumbList","@id":"https:\/\/skyroad-miami.com\/fr\/livraisons-gants-blancs\/#breadcrumb","itemListElement":[{"@type":"ListItem","position":1,"name":"Skyroad International","item":"https:\/\/skyroad-miami.com\/fr\/"},{"@type":"ListItem","position":2,"name":"Livraisons GANTS BLANCS"}]},{"@type":"WebSite","@id":"https:\/\/skyroad-miami.com\/fr\/#website","url":"https:\/\/skyroad-miami.com\/fr\/","name":"Skyroad Miami","description":"","publisher":{"@id":"https:\/\/skyroad-miami.com\/fr\/#organization"},"potentialAction":[{"@type":"SearchAction","target":{"@type":"EntryPoint","urlTemplate":"https:\/\/skyroad-miami.com\/fr\/?s={search_term_string}"},"query-input":{"@type":"PropertyValueSpecification","valueRequired":true,"valueName":"search_term_string"}}],"inLanguage":"fr-FR"},{"@type":"Organization","@id":"https:\/\/skyroad-miami.com\/fr\/#organization","name":"Skyroad International Inc.","url":"https:\/\/skyroad-miami.com\/fr\/","logo":{"@type":"ImageObject","inLanguage":"fr-FR","@id":"https:\/\/skyroad-miami.com\/fr\/#\/schema\/logo\/image\/","url":"https:\/\/skyroad-miami.com\/wp-content\/uploads\/2019\/09\/skyroad-international-logo-blue.png","contentUrl":"https:\/\/skyroad-miami.com\/wp-content\/uploads\/2019\/09\/skyroad-international-logo-blue.png","width":681,"height":360,"caption":"Skyroad International Inc."},"image":{"@id":"https:\/\/skyroad-miami.com\/fr\/#\/schema\/logo\/image\/"}}]}},"uagb_featured_image_src":{"full":false,"thumbnail":false,"medium":false,"medium_large":false,"large":false,"1536x1536":false,"2048x2048":false,"gform-image-choice-sm":false,"gform-image-choice-md":false,"gform-image-choice-lg":false},"uagb_author_info":{"display_name":"Laurence Rousselot","author_link":"https:\/\/skyroad-miami.com\/fr\/author\/laurence-rousselotgmail-com\/"},"uagb_comment_info":0,"uagb_excerpt":"Services&nbsp;Livraisons&nbsp;Gants&nbsp;Blancs&nbsp; Skyroad Miami\u00a0est certifi\u00e9\u00a0Livraisons\u00a0Gants Blancs.\u00a0\u00ab\u00a0Gant Blanc \u00bb est une expression utilis\u00e9e pour qualifier\u00a0l&rsquo;excellence d\u2019un\u00a0service\u00a0d\u2019exp\u00e9dition, de livraison, d\u2019installation ou de stockage de biens ou de marchandises. Une attention et un soin particulier sont apport\u00e9s pendant la prestation aux produits pris en charge.\u00a0Skyroad\u00a0International garantie\u00a0des services\u00a0de Livraisons\u00a0Gants\u00a0Blancs\u00a0\u00e0\u00a0l\u2019ensemble de ses prestations\u00a0pour les particuliers et les entreprises. Garanties de la\u2026","_links":{"self":[{"href":"https:\/\/skyroad-miami.com\/fr\/wp-json\/wp\/v2\/pages\/1281","targetHints":{"allow":["GET"]}}],"collection":[{"href":"https:\/\/skyroad-miami.com\/fr\/wp-json\/wp\/v2\/pages"}],"about":[{"href":"https:\/\/skyroad-miami.com\/fr\/wp-json\/wp\/v2\/types\/page"}],"author":[{"embeddable":true,"href":"https:\/\/skyroad-miami.com\/fr\/wp-json\/wp\/v2\/users\/4"}],"replies":[{"embeddable":true,"href":"https:\/\/skyroad-miami.com\/fr\/wp-json\/wp\/v2\/comments?post=1281"}],"version-history":[{"count":36,"href":"https:\/\/skyroad-miami.com\/fr\/wp-json\/wp\/v2\/pages\/1281\/revisions"}],"predecessor-version":[{"id":2265,"href":"https:\/\/skyroad-miami.com\/fr\/wp-json\/wp\/v2\/pages\/1281\/revisions\/2265"}],"wp:attachment":[{"href":"https:\/\/skyroad-miami.com\/fr\/wp-json\/wp\/v2\/media?parent=1281"}],"curies":[{"name":"wp","href":"https:\/\/api.w.org\/{rel}","templated":true}]}}